{"id":12,"date":"2015-02-07T02:28:01","date_gmt":"2015-02-07T02:28:01","guid":{"rendered":"http:\/\/apresentacoes.wp.w3.pt\/?page_id=12"},"modified":"2015-02-07T02:28:01","modified_gmt":"2015-02-07T02:28:01","slug":"os-autores","status":"publish","type":"page","link":"http:\/\/apresentacoes.w3.pt\/?page_id=12","title":{"rendered":"Os autores"},"content":{"rendered":"<p><a href=\"http:\/\/apresentacoes.w3.pt\/wp-content\/uploads\/sites\/11\/2015\/02\/alex-225.jpg\"><img loading=\"lazy\" decoding=\"async\" class=\" size-medium wp-image-13 alignleft\" src=\"http:\/\/apresentacoes.w3.pt\/wp-content\/uploads\/sites\/11\/2015\/02\/alex-225-225x300.jpg\" alt=\"alex-225\" width=\"225\" height=\"300\" srcset=\"http:\/\/apresentacoes.wp.w3.pt\/wp-content\/uploads\/sites\/11\/2015\/02\/alex-225.jpg 225w, http:\/\/apresentacoes.wp.w3.pt\/wp-content\/uploads\/sites\/11\/2015\/02\/alex-225-75x100.jpg 75w\" sizes=\"(max-width: 225px) 100vw, 225px\" \/><\/a><\/p>\n<p><a class=\"IndiceEscuro10\" href=\"http:\/\/apresentacoes.mediateca.pt\/base.php?base=pub&amp;aut=1\"><b>Alexandre Pereira<\/b><\/a><span class=\"Apple-converted-space\">\u00a0<\/span>\u00c9 licenciado e mestre em Engenharia Eletrot\u00e9cnica e de Computadores, pelo Instituto Superior T\u00e9cnico. \u00c9, tamb\u00e9m, licenciado em Antropologia, pela Faculdade de Ci\u00eancias Sociais e Humanas da Universidade Nova de Lisboa. \u00c9 doutorando em<span class=\"Apple-converted-space\">\u00a0<\/span><em>e-planning<\/em><span class=\"Apple-converted-space\">\u00a0<\/span>na Faculdade de Ci\u00eancias Sociais e Humanas. \u00c9 docente na Universidade Lus\u00f3fona de Humanidades e Tecnologias, desde 1993, onde leciona diversas disciplinas na \u00e1rea da inform\u00e1tica. \u00c9 docente na Universidade Europeia, Laureate International Universities.<\/p>\n<div style=\"clear: both;\"><\/div>\n<hr \/>\n<p><a href=\"http:\/\/apresentacoes.w3.pt\/wp-content\/uploads\/sites\/11\/2015\/02\/poupa-225.jpg\"><img loading=\"lazy\" decoding=\"async\" class=\" size-medium wp-image-14 alignleft\" src=\"http:\/\/apresentacoes.w3.pt\/wp-content\/uploads\/sites\/11\/2015\/02\/poupa-225-225x300.jpg\" alt=\"poupa-225\" width=\"225\" height=\"300\" srcset=\"http:\/\/apresentacoes.wp.w3.pt\/wp-content\/uploads\/sites\/11\/2015\/02\/poupa-225.jpg 225w, http:\/\/apresentacoes.wp.w3.pt\/wp-content\/uploads\/sites\/11\/2015\/02\/poupa-225-75x100.jpg 75w\" sizes=\"(max-width: 225px) 100vw, 225px\" \/><\/a><\/p>\n<p><a class=\"IndiceEscuro10\" href=\"http:\/\/apresentacoes.mediateca.pt\/base.php?base=pub&amp;aut=2\"><b>Carlos Poupa<\/b><\/a><span class=\"Apple-converted-space\">\u00a0<\/span>\u00c9 licenciado em Engenharia Eletrot\u00e9cnica e de Computadores, pelo Instituto Superior T\u00e9cnico, e mestre em Gest\u00e3o de Empresas pelo Instituto Superior de Ci\u00eancias do Trabalho e da Empresa. \u00c9 doutorando em Ci\u00eancias da Educa\u00e7\u00e3o na Faculdade de Ci\u00eancias da Universidade de Lisboa. \u00c9 docente na Universidade Lus\u00f3fona de Humanidades e Tecnologias, onde leciona a disciplina de Design de Produtos Multim\u00e9dia.<\/p>\n<div style=\"clear: both;\"><\/div>\n<hr \/>\n","protected":false},"excerpt":{"rendered":"<p>Alexandre Pereira\u00a0\u00c9 licenciado e mestre em Engenharia Eletrot\u00e9cnica e de Computadores, pelo Instituto Superior T\u00e9cnico. \u00c9, tamb\u00e9m, licenciado em Antropologia, pela Faculdade de Ci\u00eancias Sociais e Humanas da Universidade Nova de Lisboa. \u00c9 doutorando em\u00a0e-planning\u00a0na Faculdade de Ci\u00eancias Sociais e Humanas. \u00c9 docente na Universidade Lus\u00f3fona de Humanidades e Tecnologias, desde 1993, onde leciona diversas [&hellip;]<\/p>\n","protected":false},"author":1,"featured_media":0,"parent":0,"menu_order":0,"comment_status":"closed","ping_status":"closed","template":"","meta":{"footnotes":""},"_links":{"self":[{"href":"http:\/\/apresentacoes.w3.pt\/index.php?rest_route=\/wp\/v2\/pages\/12"}],"collection":[{"href":"http:\/\/apresentacoes.w3.pt\/index.php?rest_route=\/wp\/v2\/pages"}],"about":[{"href":"http:\/\/apresentacoes.w3.pt\/index.php?rest_route=\/wp\/v2\/types\/page"}],"author":[{"embeddable":true,"href":"http:\/\/apresentacoes.w3.pt\/index.php?rest_route=\/wp\/v2\/users\/1"}],"replies":[{"embeddable":true,"href":"http:\/\/apresentacoes.w3.pt\/index.php?rest_route=%2Fwp%2Fv2%2Fcomments&post=12"}],"version-history":[{"count":1,"href":"http:\/\/apresentacoes.w3.pt\/index.php?rest_route=\/wp\/v2\/pages\/12\/revisions"}],"predecessor-version":[{"id":15,"href":"http:\/\/apresentacoes.w3.pt\/index.php?rest_route=\/wp\/v2\/pages\/12\/revisions\/15"}],"wp:attachment":[{"href":"http:\/\/apresentacoes.w3.pt\/index.php?rest_route=%2Fwp%2Fv2%2Fmedia&parent=12"}],"curies":[{"name":"wp","href":"https:\/\/api.w.org\/{rel}","templated":true}]}}