{"id":16,"date":"2015-02-07T02:28:25","date_gmt":"2015-02-07T02:28:25","guid":{"rendered":"http:\/\/apresentacoes.wp.w3.pt\/?page_id=16"},"modified":"2015-02-07T02:31:56","modified_gmt":"2015-02-07T02:31:56","slug":"ligacoes-importantes","status":"publish","type":"page","link":"http:\/\/apresentacoes.w3.pt\/?page_id=16","title":{"rendered":"Liga\u00e7\u00f5es importantes"},"content":{"rendered":"<p><a href=\"http:\/\/www.b-on.pt\/\">Biblioteca do conhecimento online<\/a><span class=\"Apple-converted-space\">\u00a0<\/span><br \/>\n<a href=\"http:\/\/www.oces.mces.pt\/bds\/dout3\/index.jsp\">Observat\u00f3rio da Ci\u00eancia e do Ensino Superior (Doutoramentos conclu\u00eddos)<\/a><span class=\"Apple-converted-space\">\u00a0<\/span><br \/>\n<a href=\"http:\/\/www.oces.mces.pt\/bds\/dout2\/index.jsp\">Observat\u00f3rio da Ci\u00eancia e do Ensino Superior (Doutoramentos em curso)<\/a><span class=\"Apple-converted-space\">\u00a0<\/span><br \/>\n<a href=\"http:\/\/www.umi.com\/\">UMI &#8211; Mais de 2 milh\u00f5es de teses de doutoramento e mestrado<\/a><span class=\"Apple-converted-space\">\u00a0<\/span><br \/>\n<a href=\"http:\/\/www.bl.uk\/\">British Library &#8211; Mais de 150 milh\u00f5es de artigos cient\u00edficos<\/a><span class=\"Apple-converted-space\">\u00a0<\/span><br \/>\n<a href=\"http:\/\/www.bn.pt\/\">Biblioteca Nacional<\/a><span class=\"Apple-converted-space\">\u00a0<\/span><br \/>\n<a href=\"http:\/\/www.portoeditora.pt\/dol\/\">Dicion\u00e1rios da Porto Editora<\/a><span class=\"Apple-converted-space\">\u00a0<\/span><br \/>\n<a href=\"http:\/\/www.priberam.pt\/DLPO\">Dicion\u00e1rio Universal<\/a><span class=\"Apple-converted-space\">\u00a0<\/span><br \/>\n<a href=\"http:\/\/ciberduvidas.sapo.pt\/\">Ciberd\u00favidas da L\u00edngua Portuguesa<\/a><span class=\"Apple-converted-space\">\u00a0<\/span><br \/>\n<a href=\"http:\/\/www.ipq.pt\/\">Norma portuguesa para refer\u00eancias bibliogr\u00e1ficas<\/a><span class=\"Apple-converted-space\">\u00a0<\/span><br \/>\n<a href=\"http:\/\/www.apastyle.org\/\">Norma da APA para refer\u00eancias bibliogr\u00e1ficas<\/a><span class=\"Apple-converted-space\"><br \/>\n<\/span><\/p>\n","protected":false},"excerpt":{"rendered":"<p>Biblioteca do conhecimento online\u00a0 Observat\u00f3rio da Ci\u00eancia e do Ensino Superior (Doutoramentos conclu\u00eddos)\u00a0 Observat\u00f3rio da Ci\u00eancia e do Ensino Superior (Doutoramentos em curso)\u00a0 UMI &#8211; Mais de 2 milh\u00f5es de teses de doutoramento e mestrado\u00a0 British Library &#8211; Mais de 150 milh\u00f5es de artigos cient\u00edficos\u00a0 Biblioteca Nacional\u00a0 Dicion\u00e1rios da Porto Editora\u00a0 Dicion\u00e1rio Universal\u00a0 Ciberd\u00favidas da [&hellip;]<\/p>\n","protected":false},"author":1,"featured_media":0,"parent":0,"menu_order":0,"comment_status":"closed","ping_status":"closed","template":"","meta":{"footnotes":""},"_links":{"self":[{"href":"http:\/\/apresentacoes.w3.pt\/index.php?rest_route=\/wp\/v2\/pages\/16"}],"collection":[{"href":"http:\/\/apresentacoes.w3.pt\/index.php?rest_route=\/wp\/v2\/pages"}],"about":[{"href":"http:\/\/apresentacoes.w3.pt\/index.php?rest_route=\/wp\/v2\/types\/page"}],"author":[{"embeddable":true,"href":"http:\/\/apresentacoes.w3.pt\/index.php?rest_route=\/wp\/v2\/users\/1"}],"replies":[{"embeddable":true,"href":"http:\/\/apresentacoes.w3.pt\/index.php?rest_route=%2Fwp%2Fv2%2Fcomments&post=16"}],"version-history":[{"count":2,"href":"http:\/\/apresentacoes.w3.pt\/index.php?rest_route=\/wp\/v2\/pages\/16\/revisions"}],"predecessor-version":[{"id":21,"href":"http:\/\/apresentacoes.w3.pt\/index.php?rest_route=\/wp\/v2\/pages\/16\/revisions\/21"}],"wp:attachment":[{"href":"http:\/\/apresentacoes.w3.pt\/index.php?rest_route=%2Fwp%2Fv2%2Fmedia&parent=16"}],"curies":[{"name":"wp","href":"https:\/\/api.w.org\/{rel}","templated":true}]}}