{"id":22,"date":"2015-02-07T02:34:11","date_gmt":"2015-02-07T02:34:11","guid":{"rendered":"http:\/\/apresentacoes.wp.w3.pt\/?page_id=22"},"modified":"2015-02-07T19:12:51","modified_gmt":"2015-02-07T19:12:51","slug":"documentos-para-professores","status":"publish","type":"page","link":"http:\/\/apresentacoes.w3.pt\/?page_id=22","title":{"rendered":"Documentos para professores"},"content":{"rendered":"<p><a href=\"dados\/pp\/teseApresentar.ppt.zip\">Apresenta\u00e7\u00e3o resumida, em PowerPoint, dos conceitos deste livro<\/a><\/p>\n<p><a href=\"dados\/pp\/teseEscreverApresentar.ppt.zip\">Apresenta\u00e7\u00e3o resumida, em PowerPoint, dos conceitos deste livro e do livro Como escrever uma tese&#8230;<\/a><\/p>\n","protected":false},"excerpt":{"rendered":"<p>Apresenta\u00e7\u00e3o resumida, em PowerPoint, dos conceitos deste livro Apresenta\u00e7\u00e3o resumida, em PowerPoint, dos conceitos deste livro e do livro Como escrever uma tese&#8230;<\/p>\n","protected":false},"author":1,"featured_media":0,"parent":0,"menu_order":0,"comment_status":"closed","ping_status":"closed","template":"","meta":{"footnotes":""},"_links":{"self":[{"href":"http:\/\/apresentacoes.w3.pt\/index.php?rest_route=\/wp\/v2\/pages\/22"}],"collection":[{"href":"http:\/\/apresentacoes.w3.pt\/index.php?rest_route=\/wp\/v2\/pages"}],"about":[{"href":"http:\/\/apresentacoes.w3.pt\/index.php?rest_route=\/wp\/v2\/types\/page"}],"author":[{"embeddable":true,"href":"http:\/\/apresentacoes.w3.pt\/index.php?rest_route=\/wp\/v2\/users\/1"}],"replies":[{"embeddable":true,"href":"http:\/\/apresentacoes.w3.pt\/index.php?rest_route=%2Fwp%2Fv2%2Fcomments&post=22"}],"version-history":[{"count":2,"href":"http:\/\/apresentacoes.w3.pt\/index.php?rest_route=\/wp\/v2\/pages\/22\/revisions"}],"predecessor-version":[{"id":35,"href":"http:\/\/apresentacoes.w3.pt\/index.php?rest_route=\/wp\/v2\/pages\/22\/revisions\/35"}],"wp:attachment":[{"href":"http:\/\/apresentacoes.w3.pt\/index.php?rest_route=%2Fwp%2Fv2%2Fmedia&parent=22"}],"curies":[{"name":"wp","href":"https:\/\/api.w.org\/{rel}","templated":true}]}}