{"id":26,"date":"2015-02-07T02:35:20","date_gmt":"2015-02-07T02:35:20","guid":{"rendered":"http:\/\/apresentacoes.wp.w3.pt\/?page_id=26"},"modified":"2015-02-07T02:35:20","modified_gmt":"2015-02-07T02:35:20","slug":"o-editor","status":"publish","type":"page","link":"http:\/\/apresentacoes.w3.pt\/?page_id=26","title":{"rendered":"O editor"},"content":{"rendered":"<p><a href=\"http:\/\/apresentacoes.w3.pt\/wp-content\/uploads\/sites\/11\/2015\/02\/PP-444.jpg\"><img loading=\"lazy\" decoding=\"async\" class=\" size-medium wp-image-10 alignleft\" src=\"http:\/\/apresentacoes.w3.pt\/wp-content\/uploads\/sites\/11\/2015\/02\/PP-444-211x300.jpg\" alt=\"PP-444\" width=\"211\" height=\"300\" srcset=\"http:\/\/apresentacoes.wp.w3.pt\/wp-content\/uploads\/sites\/11\/2015\/02\/PP-444-211x300.jpg 211w, http:\/\/apresentacoes.wp.w3.pt\/wp-content\/uploads\/sites\/11\/2015\/02\/PP-444-70x100.jpg 70w, http:\/\/apresentacoes.wp.w3.pt\/wp-content\/uploads\/sites\/11\/2015\/02\/PP-444.jpg 444w\" sizes=\"(max-width: 211px) 100vw, 211px\" \/><\/a><\/p>\n<p>O livro<\/p>\n<p>&nbsp;<\/p>\n<div>PEREIRA, Alexandre ; POUPA, Carlos &#8211;<span class=\"Apple-converted-space\">\u00a0<\/span><b>Como Apresentar em P\u00fablico Teses, Relat\u00f3rios, Comunica\u00e7\u00f5es usando o PowerPoint<\/b>. Lisboa : S\u00edlabo, 2004. ISBN 972-618-353-7. 192p.<\/div>\n<p>&nbsp;<\/p>\n<p>\u00e9 publicado pelas edi\u00e7\u00f5es<span class=\"Apple-converted-space\">\u00a0<\/span><a href=\"http:\/\/www.silabo.pt\/\">S\u00edlabo<\/a>.<\/p>\n","protected":false},"excerpt":{"rendered":"<p>O livro &nbsp; PEREIRA, Alexandre ; POUPA, Carlos &#8211;\u00a0Como Apresentar em P\u00fablico Teses, Relat\u00f3rios, Comunica\u00e7\u00f5es usando o PowerPoint. Lisboa : S\u00edlabo, 2004. ISBN 972-618-353-7. 192p. &nbsp; \u00e9 publicado pelas edi\u00e7\u00f5es\u00a0S\u00edlabo.<\/p>\n","protected":false},"author":1,"featured_media":0,"parent":0,"menu_order":0,"comment_status":"closed","ping_status":"closed","template":"","meta":{"footnotes":""},"_links":{"self":[{"href":"http:\/\/apresentacoes.w3.pt\/index.php?rest_route=\/wp\/v2\/pages\/26"}],"collection":[{"href":"http:\/\/apresentacoes.w3.pt\/index.php?rest_route=\/wp\/v2\/pages"}],"about":[{"href":"http:\/\/apresentacoes.w3.pt\/index.php?rest_route=\/wp\/v2\/types\/page"}],"author":[{"embeddable":true,"href":"http:\/\/apresentacoes.w3.pt\/index.php?rest_route=\/wp\/v2\/users\/1"}],"replies":[{"embeddable":true,"href":"http:\/\/apresentacoes.w3.pt\/index.php?rest_route=%2Fwp%2Fv2%2Fcomments&post=26"}],"version-history":[{"count":1,"href":"http:\/\/apresentacoes.w3.pt\/index.php?rest_route=\/wp\/v2\/pages\/26\/revisions"}],"predecessor-version":[{"id":27,"href":"http:\/\/apresentacoes.w3.pt\/index.php?rest_route=\/wp\/v2\/pages\/26\/revisions\/27"}],"wp:attachment":[{"href":"http:\/\/apresentacoes.w3.pt\/index.php?rest_route=%2Fwp%2Fv2%2Fmedia&parent=26"}],"curies":[{"name":"wp","href":"https:\/\/api.w.org\/{rel}","templated":true}]}}