{"id":28,"date":"2015-02-07T02:36:12","date_gmt":"2015-02-07T02:36:12","guid":{"rendered":"http:\/\/apresentacoes.wp.w3.pt\/?page_id=28"},"modified":"2017-01-27T16:18:52","modified_gmt":"2017-01-27T16:18:52","slug":"livros-de-alexandre-pereira","status":"publish","type":"page","link":"http:\/\/apresentacoes.w3.pt\/?page_id=28","title":{"rendered":"Livros de Alexandre Pereira"},"content":{"rendered":"<p><a href=\"http:\/\/spss.wp.w3.pt\/wp-content\/uploads\/sites\/8\/2015\/02\/SPSS-444.jpg\"><img loading=\"lazy\" decoding=\"async\" class=\" size-medium wp-image-51 alignleft\" src=\"http:\/\/spss.wp.w3.pt\/wp-content\/uploads\/sites\/8\/2015\/02\/SPSS-444-212x300.jpg\" alt=\"SPSS-444\" width=\"212\" height=\"300\" \/><\/a><\/p>\n<p><a href=\"http:\/\/spss.w3.pt\">PEREIRA, Alexandre ; PATR\u00cdCIO, Teresa &#8211; SPSS: guia pr\u00e1tico de utiliza\u00e7\u00e3o: an\u00e1lise de dados para Ci\u00eancias Sociais e Psicologia. 8.\u00aa ed. Lisboa : S\u00edlabo, 2013. ISBN 978-972-618-736-3. 256p.<\/a><\/p>\n<div style=\"clear: both;\"><\/div>\n<hr \/>\n<p><a href=\"http:\/\/spss.wp.w3.pt\/wp-content\/uploads\/sites\/8\/2015\/02\/teses-444.jpg\"><img loading=\"lazy\" decoding=\"async\" class=\" size-medium wp-image-63 alignleft\" src=\"http:\/\/spss.wp.w3.pt\/wp-content\/uploads\/sites\/8\/2015\/02\/teses-444-212x300.jpg\" alt=\"teses-444\" width=\"212\" height=\"300\" \/><\/a><\/p>\n<p><a href=\"http:\/\/teses.w3.pt\">PEREIRA, Alexandre ; POUPA, Carlos &#8211; Como escrever uma tese, monografia ou livro cient\u00edfico: usando o Word. 5.\u00aa ed. Lisboa : S\u00edlabo, 2012. ISBN 978-972-618-691-5. 260p.<\/a><\/p>\n<div style=\"clear: both;\"><\/div>\n<hr \/>\n<p><a href=\"http:\/\/c.wp.w3.pt\/wp-content\/uploads\/sites\/9\/2015\/02\/C-Algoritmos-2.Ed-444.jpg\"><img loading=\"lazy\" decoding=\"async\" class=\" size-medium wp-image-67 alignleft\" src=\"http:\/\/c.wp.w3.pt\/wp-content\/uploads\/sites\/9\/2015\/02\/C-Algoritmos-2.Ed-444-210x300.jpg\" alt=\"\" width=\"210\" height=\"300\" class=\"alignnone size-medium wp-image-67\" \/><\/a><\/p>\n<p><a href=\"http:\/\/c.w3.pt\">PEREIRA, Alexandre &#8211; C e Algoritmos. 2.\u00aa ed. Lisboa : S\u00edlabo, 2013. ISBN 978-972-618-871-1. 264p.<\/a><\/p>\n<div style=\"clear: both;\"><\/div>\n<hr \/>\n<p><a href=\"http:\/\/spss.wp.w3.pt\/wp-content\/uploads\/sites\/8\/2015\/02\/WEB-444.jpg\"><img loading=\"lazy\" decoding=\"async\" class=\" size-medium wp-image-64 alignleft\" src=\"http:\/\/spss.wp.w3.pt\/wp-content\/uploads\/sites\/8\/2015\/02\/WEB-444-212x300.jpg\" alt=\"WEB-444\" width=\"212\" height=\"300\" \/><\/a><\/p>\n<p><a href=\"http:\/\/linguagens.w3.pt\">PEREIRA, Alexandre ; POUPA, Carlos &#8211; Linguagens Web. 5.\u00aa ed. Lisboa : S\u00edlabo, 2013. ISBN 978-972-618-715-8. 436p.<\/a><\/p>\n<div style=\"clear: both;\"><\/div>\n<hr \/>\n<p><a href=\"http:\/\/spss.wp.w3.pt\/wp-content\/uploads\/sites\/8\/2015\/02\/PP-444.jpg\"><img loading=\"lazy\" decoding=\"async\" class=\" size-medium wp-image-59 alignleft\" src=\"http:\/\/spss.wp.w3.pt\/wp-content\/uploads\/sites\/8\/2015\/02\/PP-444-211x300.jpg\" alt=\"PP-444\" width=\"211\" height=\"300\" \/><\/a><\/p>\n<p><a href=\"http:\/\/apresentacoes.w3.pt\/\">PEREIRA, Alexandre ; POUPA, Carlos &#8211; Como Apresentar em P\u00fablico Teses, Relat\u00f3rios, Comunica\u00e7\u00f5es usando o PowerPoint. Lisboa : S\u00edlabo, 2004. ISBN 972-618-353-7. 192p.<\/a><\/p>\n<div style=\"clear: both;\"><\/div>\n<hr \/>\n<p><a href=\"http:\/\/spss.wp.w3.pt\/wp-content\/uploads\/sites\/8\/2015\/02\/Revista-CCC-2-444.jpg\"><img loading=\"lazy\" decoding=\"async\" class=\" size-medium wp-image-60 alignleft\" src=\"http:\/\/spss.wp.w3.pt\/wp-content\/uploads\/sites\/8\/2015\/02\/Revista-CCC-2-444-203x300.jpg\" alt=\"Revista-CCC-2-444\" width=\"203\" height=\"300\" \/><\/a><\/p>\n<p>PEREIRA, Alexandre &#8211; A multim\u00e9dia utilizada em Psicologia Experimental e as limita\u00e7\u00f5es do equipamento inform\u00e1tico. <b>Caleidosc\u00f3pio: revista de comunica\u00e7\u00e3o e cultura<\/b>. Lisboa : Ed. Universit\u00e1rias Lus\u00f3fonas. ISSN: 1640-2585. 2 (2002) 39-49.<\/p>\n<div style=\"clear: both;\"><\/div>\n<hr \/>\n<p><a href=\"http:\/\/spss.wp.w3.pt\/wp-content\/uploads\/sites\/8\/2015\/02\/Livro-ITAP-1-444.jpg\"><img loading=\"lazy\" decoding=\"async\" class=\" size-medium wp-image-54 alignleft\" src=\"http:\/\/spss.wp.w3.pt\/wp-content\/uploads\/sites\/8\/2015\/02\/Livro-ITAP-1-444-229x300.jpg\" alt=\"Livro-ITAP-1-444\" width=\"229\" height=\"300\" \/><\/a><\/p>\n<p>PEREIRA, Alexandre &#8211; The interactive television and the set top box \/ A televis\u00e3o interactiva e a set top box. In <b>Interactive television authoring and production \/ Autoria e produ\u00e7\u00e3o em televis\u00e3o interactiva<\/b>. Lisboa : Cofac, [2003]. ISBN: 972-8296-83-5. p. 155-169, 366-380.<\/p>\n<div style=\"clear: both;\"><\/div>\n<hr \/>\n<p><a href=\"http:\/\/spss.wp.w3.pt\/wp-content\/uploads\/sites\/8\/2015\/02\/Livro-ITAP-2-444.jpg\"><img loading=\"lazy\" decoding=\"async\" class=\" size-medium wp-image-56 alignleft\" src=\"http:\/\/spss.wp.w3.pt\/wp-content\/uploads\/sites\/8\/2015\/02\/Livro-ITAP-2-444-239x300.jpg\" alt=\"Livro-ITAP-2-444\" width=\"239\" height=\"300\" \/><\/a><\/p>\n<p>PEREIRA, Alexandre &#8211; Advanced Programming and iTV Personalization \/ Programa\u00e7\u00e3o Avan\u00e7ada e Personaliza\u00e7\u00e3o em Televis\u00e3o Interactiva. In <b>Interactive Television: contents, applications and challenges \/ Televis\u00e3o interactiva: conte\u00eddos, aplica\u00e7\u00f5es e desafios <\/b>. Lisboa : Cofac, [2004]. ISBN: 972-8296-97-5. p. 129-143, 351-365.<\/p>\n<div style=\"clear: both;\"><\/div>\n<hr \/>\n<p><a href=\"http:\/\/spss.wp.w3.pt\/wp-content\/uploads\/sites\/8\/2015\/02\/Livro-ITAP-3-444.jpg\"><img loading=\"lazy\" decoding=\"async\" class=\" size-medium wp-image-57 alignleft\" src=\"http:\/\/spss.wp.w3.pt\/wp-content\/uploads\/sites\/8\/2015\/02\/Livro-ITAP-3-444-245x300.jpg\" alt=\"Livro-ITAP-3-444\" width=\"245\" height=\"300\" \/><\/a><\/p>\n<p>PEREIRA, Alexandre &#8211; Massive Games and Technology \/ Jogos Massivos e Tecnologia. In <b>New Media Production: Issues and Strategies \/ Estrat\u00e9gias de Produ\u00e7\u00e3o em Novos Media<\/b>. Lisboa : Cofac, [2005]. ISBN: 972-8881-08-8. p. 50-63, 213-229.<\/p>\n<div style=\"clear: both;\"><\/div>\n<hr \/>\n<p><a href=\"http:\/\/spss.wp.w3.pt\/wp-content\/uploads\/sites\/8\/2015\/02\/Livro-ITAP-4-444.jpg\"><img loading=\"lazy\" decoding=\"async\" class=\" size-medium wp-image-58 alignleft\" src=\"http:\/\/spss.wp.w3.pt\/wp-content\/uploads\/sites\/8\/2015\/02\/Livro-ITAP-4-444-233x300.jpg\" alt=\"Livro-ITAP-4-444\" width=\"233\" height=\"300\" \/><\/a><\/p>\n<p>PEREIRA, Alexandre &#8211; Client Techniques in Interactive Web Environments &#8211; A Comparative Study of Three Solutions \/ T\u00e9cnicas Cliente em Ambientes Web Interactivos &#8211; Estudo Comparativo de Tr\u00eas Solu\u00e7\u00f5es. In <b>New Media: production, development and distribution \/ Novos Media: produ\u00e7\u00e3o, desenvolvimento e distribui\u00e7\u00e3o<\/b>. Lisboa : Cofac, [2006]. ISBN: 972-8881-25-2. p. 128-149, 308-331.<\/p>\n<div style=\"clear: both;\"><\/div>\n<hr \/>\n<p><a href=\"http:\/\/spss.wp.w3.pt\/wp-content\/uploads\/sites\/8\/2015\/02\/Revista-OT-26-444.jpg\"><img loading=\"lazy\" decoding=\"async\" class=\" size-medium wp-image-61 alignleft\" src=\"http:\/\/spss.wp.w3.pt\/wp-content\/uploads\/sites\/8\/2015\/02\/Revista-OT-26-444-214x300.jpg\" alt=\"Revista-OT-26-444\" width=\"214\" height=\"300\" \/><\/a><\/p>\n<p>BANHA, Alexandre &#8211; A pesca artesanal em ambiente urbano. <b>Organiza\u00e7\u00f5es e Trabalho<\/b>. Lisboa : Celta. ISSN: 0871 4835. 26 (2001) 71-84.<\/p>\n<div style=\"clear: both;\"><\/div>\n<hr \/>\n<p><a href=\"http:\/\/spss.wp.w3.pt\/wp-content\/uploads\/sites\/8\/2015\/02\/Revista-OT-27-444.jpg\"><img loading=\"lazy\" decoding=\"async\" class=\" size-medium wp-image-62 alignleft\" src=\"http:\/\/spss.wp.w3.pt\/wp-content\/uploads\/sites\/8\/2015\/02\/Revista-OT-27-444-214x300.jpg\" alt=\"Revista-OT-27-444\" width=\"214\" height=\"300\" \/><\/a><\/p>\n<p>BANHA, Alexandre &#8211; No pa\u00eds do samurais. <b>Organiza\u00e7\u00f5es e Trabalho<\/b>. Lisboa : Celta. ISSN: 0871 4835. 27 (2002) 91-104.<\/p>\n<div style=\"clear: both;\"><\/div>\n<hr \/>\n<p>&nbsp;<\/p>\n","protected":false},"excerpt":{"rendered":"<p>PEREIRA, Alexandre ; PATR\u00cdCIO, Teresa &#8211; SPSS: guia pr\u00e1tico de utiliza\u00e7\u00e3o: an\u00e1lise de dados para Ci\u00eancias Sociais e Psicologia. 8.\u00aa ed. Lisboa : S\u00edlabo, 2013. ISBN 978-972-618-736-3. 256p. PEREIRA, Alexandre ; POUPA, Carlos &#8211; Como escrever uma tese, monografia ou livro cient\u00edfico: usando o Word. 5.\u00aa ed. Lisboa : S\u00edlabo, 2012. ISBN 978-972-618-691-5. 260p. PEREIRA, [&hellip;]<\/p>\n","protected":false},"author":1,"featured_media":0,"parent":0,"menu_order":0,"comment_status":"closed","ping_status":"closed","template":"","meta":{"footnotes":""},"_links":{"self":[{"href":"http:\/\/apresentacoes.w3.pt\/index.php?rest_route=\/wp\/v2\/pages\/28"}],"collection":[{"href":"http:\/\/apresentacoes.w3.pt\/index.php?rest_route=\/wp\/v2\/pages"}],"about":[{"href":"http:\/\/apresentacoes.w3.pt\/index.php?rest_route=\/wp\/v2\/types\/page"}],"author":[{"embeddable":true,"href":"http:\/\/apresentacoes.w3.pt\/index.php?rest_route=\/wp\/v2\/users\/1"}],"replies":[{"embeddable":true,"href":"http:\/\/apresentacoes.w3.pt\/index.php?rest_route=%2Fwp%2Fv2%2Fcomments&post=28"}],"version-history":[{"count":3,"href":"http:\/\/apresentacoes.w3.pt\/index.php?rest_route=\/wp\/v2\/pages\/28\/revisions"}],"predecessor-version":[{"id":40,"href":"http:\/\/apresentacoes.w3.pt\/index.php?rest_route=\/wp\/v2\/pages\/28\/revisions\/40"}],"wp:attachment":[{"href":"http:\/\/apresentacoes.w3.pt\/index.php?rest_route=%2Fwp%2Fv2%2Fmedia&parent=28"}],"curies":[{"name":"wp","href":"https:\/\/api.w.org\/{rel}","templated":true}]}}