{"id":9,"date":"2015-02-07T02:26:02","date_gmt":"2015-02-07T02:26:02","guid":{"rendered":"http:\/\/apresentacoes.wp.w3.pt\/?page_id=9"},"modified":"2016-06-23T20:05:44","modified_gmt":"2016-06-23T19:05:44","slug":"o-livro","status":"publish","type":"page","link":"http:\/\/apresentacoes.w3.pt\/","title":{"rendered":"O livro"},"content":{"rendered":"<p><a href=\"http:\/\/apresentacoes.w3.pt\/wp-content\/uploads\/sites\/11\/2015\/02\/PP-444.jpg\"><img loading=\"lazy\" decoding=\"async\" class=\" size-medium wp-image-10 alignleft\" src=\"http:\/\/apresentacoes.w3.pt\/wp-content\/uploads\/sites\/11\/2015\/02\/PP-444-211x300.jpg\" alt=\"PP-444\" width=\"211\" height=\"300\" srcset=\"http:\/\/apresentacoes.wp.w3.pt\/wp-content\/uploads\/sites\/11\/2015\/02\/PP-444-211x300.jpg 211w, http:\/\/apresentacoes.wp.w3.pt\/wp-content\/uploads\/sites\/11\/2015\/02\/PP-444-70x100.jpg 70w, http:\/\/apresentacoes.wp.w3.pt\/wp-content\/uploads\/sites\/11\/2015\/02\/PP-444.jpg 444w\" sizes=\"(max-width: 211px) 100vw, 211px\" \/><\/a>PEREIRA, Alexandre ; POUPA, Carlos &#8211;<span class=\"Apple-converted-space\">\u00a0<\/span><b>Como Apresentar em P\u00fablico Teses, Relat\u00f3rios, Comunica\u00e7\u00f5es usando o PowerPoint<\/b>. 2.\u00aa ed. Lisboa : S\u00edlabo, 2015. ISBN 972-618-809-4. 192p.<\/p>\n<p>&nbsp;<\/p>\n<p>A realiza\u00e7\u00e3o de apresenta\u00e7\u00f5es \u00e9 uma necessidade frequente quer na vida acad\u00e9mica, quer na vida empresarial. Neste livro discutem-se diversos tipos de apresenta\u00e7\u00f5es acad\u00e9micas e empresariais, abordando a respectiva estrutura e organiza\u00e7\u00e3o, assim como o discurso a utilizar e o desenho dos diapositivos e outros suportes visuais.<\/p>\n<p>O livro debru\u00e7a-se sobre os fundamentos de como apresentar uma tese ou monografia, como apresentar uma comunica\u00e7\u00e3o num congresso ou semin\u00e1rio, como preparar uma apresenta\u00e7\u00e3o em aula ou curso de forma\u00e7\u00e3o, como apresentar relat\u00f3rios, produtos ou servi\u00e7os. Para al\u00e9m disso, descreve como idealizar e conceber um poster, para apresentar um trabalho acad\u00e9mico, utilizando as normas da APA.<\/p>\n<p>O livro cont\u00e9m, ainda, uma refer\u00eancia completa dos procedimentos de PowerPoint necess\u00e1rios para a elabora\u00e7\u00e3o de uma apresenta\u00e7\u00e3o com um grafismo cuidado e uma boa legibilidade.<\/p>\n<p>Desta forma, o presente livro \u00e9 uma refer\u00eancia indispens\u00e1vel a:<\/p>\n<ul>\n<li>Professores<\/li>\n<li>Estudantes<\/li>\n<li>Formadores<\/li>\n<li>T\u00e9cnicos<\/li>\n<li>Comerciais<\/li>\n<\/ul>\n<p>Aborda os t\u00f3picos seguintes relativos \u00e0 apresenta\u00e7\u00e3o:<\/p>\n<ul>\n<li>Organiza\u00e7\u00e3o e estrutura da apresenta\u00e7\u00e3o<\/li>\n<li>Apresenta\u00e7\u00e3o oral e discurso a utilizar<\/li>\n<li>Comunica\u00e7\u00e3o verbal e n\u00e3o verbal<\/li>\n<\/ul>\n<p>Enuncia os fundamentos do desenho dos suportes visuais:<\/p>\n<ul>\n<li>Princ\u00edpios b\u00e1sicos de<span class=\"Apple-converted-space\">\u00a0<\/span><em>design<\/em><\/li>\n<li>Psicologia das cores<\/li>\n<li>Combina\u00e7\u00e3o de tipos de letra<\/li>\n<li>Desenho e estrutura dos diapositivos<\/li>\n<li>T\u00e9cnicas \u00fateis de PowerPoint<\/li>\n<\/ul>\n","protected":false},"excerpt":{"rendered":"<p>PEREIRA, Alexandre ; POUPA, Carlos &#8211;\u00a0Como Apresentar em P\u00fablico Teses, Relat\u00f3rios, Comunica\u00e7\u00f5es usando o PowerPoint. 2.\u00aa ed. Lisboa : S\u00edlabo, 2015. ISBN 972-618-809-4. 192p. &nbsp; A realiza\u00e7\u00e3o de apresenta\u00e7\u00f5es \u00e9 uma necessidade frequente quer na vida acad\u00e9mica, quer na vida empresarial. Neste livro discutem-se diversos tipos de apresenta\u00e7\u00f5es acad\u00e9micas e empresariais, abordando a respectiva estrutura [&hellip;]<\/p>\n","protected":false},"author":1,"featured_media":0,"parent":0,"menu_order":0,"comment_status":"closed","ping_status":"closed","template":"","meta":{"footnotes":""},"_links":{"self":[{"href":"http:\/\/apresentacoes.w3.pt\/index.php?rest_route=\/wp\/v2\/pages\/9"}],"collection":[{"href":"http:\/\/apresentacoes.w3.pt\/index.php?rest_route=\/wp\/v2\/pages"}],"about":[{"href":"http:\/\/apresentacoes.w3.pt\/index.php?rest_route=\/wp\/v2\/types\/page"}],"author":[{"embeddable":true,"href":"http:\/\/apresentacoes.w3.pt\/index.php?rest_route=\/wp\/v2\/users\/1"}],"replies":[{"embeddable":true,"href":"http:\/\/apresentacoes.w3.pt\/index.php?rest_route=%2Fwp%2Fv2%2Fcomments&post=9"}],"version-history":[{"count":3,"href":"http:\/\/apresentacoes.w3.pt\/index.php?rest_route=\/wp\/v2\/pages\/9\/revisions"}],"predecessor-version":[{"id":39,"href":"http:\/\/apresentacoes.w3.pt\/index.php?rest_route=\/wp\/v2\/pages\/9\/revisions\/39"}],"wp:attachment":[{"href":"http:\/\/apresentacoes.w3.pt\/index.php?rest_route=%2Fwp%2Fv2%2Fmedia&parent=9"}],"curies":[{"name":"wp","href":"https:\/\/api.w.org\/{rel}","templated":true}]}}